{"id":230,"date":"2021-08-30T19:44:02","date_gmt":"2021-08-30T23:44:02","guid":{"rendered":"https:\/\/terminala.com.ar\/?page_id=230"},"modified":"2022-01-19T01:58:31","modified_gmt":"2022-01-19T06:58:31","slug":"servicios","status":"publish","type":"page","link":"https:\/\/babysittingupa.com\/es\/servicios\/","title":{"rendered":"Servicios"},"content":{"rendered":"\n<style type=\"text\/css\" data-created_by=\"avia_inline_auto\" id=\"style-css-av-2pn2-26a8d136db2989987b8af0f68efbcb22\">\n.avia-section.av-2pn2-26a8d136db2989987b8af0f68efbcb22{\nbackground-repeat:no-repeat;\nbackground-image:url(https:\/\/babysittingupa.com\/es\/wp-content\/uploads\/2021\/08\/byn-pexels-gustavo-fring-3985032.webp);\nbackground-position:50% 50%;\nbackground-attachment:fixed;\n}\n.avia-section.av-2pn2-26a8d136db2989987b8af0f68efbcb22 .av-section-color-overlay{\nopacity:0.5;\nbackground-color:#000000;\n}\n<\/style>\n<div id='av_section_1'  class='avia-section av-2pn2-26a8d136db2989987b8af0f68efbcb22 main_color avia-section-default avia-no-border-styling  avia-builder-el-0  el_before_av_section  avia-builder-el-first  avia-full-stretch avia-bg-style-fixed av-section-color-overlay-active av-minimum-height av-minimum-height-50 av-height-50  container_wrap fullsize'  data-section-bg-repeat='stretch' data-av_minimum_height_pc='50' data-av_min_height_opt='50'><div class=\"av-section-color-overlay-wrap\"><div class=\"av-section-color-overlay\"><\/div><div class='container av-section-cont-open' ><main  role=\"main\" itemprop=\"mainContentOfPage\"  class='template-page content  av-content-full alpha units'><div class='post-entry post-entry-type-page post-entry-230'><div class='entry-content-wrapper clearfix'>\n\n<style type=\"text\/css\" data-created_by=\"avia_inline_auto\" id=\"style-css-av-2ueg-8ee9f6b7acc48b78bde89a6271c09078\">\n#top .av-special-heading.av-2ueg-8ee9f6b7acc48b78bde89a6271c09078{\npadding-bottom:10px;\ncolor:#ffffff;\nfont-size:60px;\n}\nbody .av-special-heading.av-2ueg-8ee9f6b7acc48b78bde89a6271c09078 .av-special-heading-tag .heading-char{\nfont-size:25px;\n}\n#top #wrap_all .av-special-heading.av-2ueg-8ee9f6b7acc48b78bde89a6271c09078 .av-special-heading-tag{\nfont-size:60px;\n}\n.av-special-heading.av-2ueg-8ee9f6b7acc48b78bde89a6271c09078 .special-heading-inner-border{\nborder-color:#ffffff;\n}\n.av-special-heading.av-2ueg-8ee9f6b7acc48b78bde89a6271c09078 .av-subheading{\nfont-size:15px;\n}\n\n@media only screen and (min-width: 480px) and (max-width: 767px){ \n#top #wrap_all .av-special-heading.av-2ueg-8ee9f6b7acc48b78bde89a6271c09078 .av-special-heading-tag{\nfont-size:0.8em;\n}\n}\n\n@media only screen and (max-width: 479px){ \n#top #wrap_all .av-special-heading.av-2ueg-8ee9f6b7acc48b78bde89a6271c09078 .av-special-heading-tag{\nfont-size:0.8em;\n}\n}\n<\/style>\n<div  class='av-special-heading av-2ueg-8ee9f6b7acc48b78bde89a6271c09078 av-special-heading-h1 custom-color-heading blockquote modern-quote modern-centered  avia-builder-el-1  avia-builder-el-no-sibling  av-inherit-size'><h1 class='av-special-heading-tag'  itemprop=\"headline\"  >Servicios<\/h1><div class=\"special-heading-border\"><div class=\"special-heading-inner-border\"><\/div><\/div><\/div>\n\n<\/div><\/div><\/main><!-- close content main element --><\/div><\/div><\/div><div id='av_section_2'  class='avia-section av-8jguj-46b063331a365f9583750221e017f6f8 main_color avia-section-default avia-no-border-styling  avia-builder-el-2  el_after_av_section  el_before_av_section  avia-bg-style-scroll container_wrap fullsize'  ><div class='container av-section-cont-open' ><div class='template-page content  av-content-full alpha units'><div class='post-entry post-entry-type-page post-entry-230'><div class='entry-content-wrapper clearfix'>\n\n<style type=\"text\/css\" data-created_by=\"avia_inline_auto\" id=\"style-css-av-ksz9yi3j-d95c76b271b28e81aa0dc441d633c13e\">\n#top .av-special-heading.av-ksz9yi3j-d95c76b271b28e81aa0dc441d633c13e{\npadding-bottom:10px;\n}\nbody .av-special-heading.av-ksz9yi3j-d95c76b271b28e81aa0dc441d633c13e .av-special-heading-tag .heading-char{\nfont-size:25px;\n}\n.av-special-heading.av-ksz9yi3j-d95c76b271b28e81aa0dc441d633c13e .av-subheading{\nfont-size:15px;\n}\n<\/style>\n<div  class='av-special-heading av-ksz9yi3j-d95c76b271b28e81aa0dc441d633c13e av-special-heading-h1  avia-builder-el-3  el_before_av_hr  avia-builder-el-first '><h1 class='av-special-heading-tag'  itemprop=\"headline\"  >Explore nuestras descripciones de servicio a continuaci\u00f3n <\/h1><div class=\"special-heading-border\"><div class=\"special-heading-inner-border\"><\/div><\/div><\/div>\n<div  class='hr av-1awq5q-57669503fc86152836fc43c1ca840578 hr-default  avia-builder-el-4  el_after_av_heading  el_before_av_three_fifth '><span class='hr-inner '><span class=\"hr-inner-style\"><\/span><\/span><\/div>\n<div  class='flex_column av-df78m-5da19369250f1364fa43ff32a2cfddfd av_three_fifth  avia-builder-el-5  el_after_av_hr  el_before_av_two_fifth  first flex_column_div  '     ><section  class='av_textblock_section av-kszank2l-8bb42fca630a2f1a6bf3c63e94b09238 '   itemscope=\"itemscope\" itemtype=\"https:\/\/schema.org\/CreativeWork\" ><div class='avia_textblock'  itemprop=\"text\" ><h3>Reserva de una Visita unica<\/h3>\n<p>Las reservas individuales son reservas para momentos puntuales en los que los padres tienen que asistir a un evento especial, o son invitados a una celebraci\u00f3n sin ni\u00f1os. Estancia m\u00ednima de 4 hs.<\/p>\n<\/div><\/section><br \/>\n<div  class='avia-buttonrow-wrap av-kt6ajgm7-6c447f1257efd9ef8bbb7b712d3cb7cc avia-buttonrow-center  avia-builder-el-7  el_after_av_textblock  avia-builder-el-last '>\n\n<style type=\"text\/css\" data-created_by=\"avia_inline_auto\" id=\"style-css-av-kt6aiwg3-86fd3c2669d3493ad17678821d2ae9de\">\n#top #wrap_all .avia-button.av-kt6aiwg3-86fd3c2669d3493ad17678821d2ae9de{\nmargin-bottom:5px;\nmargin-right:3px;\nmargin-left:3px;\n}\n<\/style>\n<a href='https:\/\/api.whatsapp.com\/send?phone=517864442125'  class='avia-button av-kt6aiwg3-86fd3c2669d3493ad17678821d2ae9de avia-icon_select-yes-left-icon avia-size-small avia-color-theme-color'  ><span class='avia_button_icon avia_button_icon_left ' aria-hidden='true' data-av_icon='\uf232' data-av_iconfont='entypo-fontello'><\/span><span class='avia_iconbox_title' >Whatsapp<\/span><\/a>\n\n<style type=\"text\/css\" data-created_by=\"avia_inline_auto\" id=\"style-css-av-kt6aj60x-1e844d611b4d71e460f50eb8f3e33eaa\">\n#top #wrap_all .avia-button.av-kt6aj60x-1e844d611b4d71e460f50eb8f3e33eaa{\nmargin-bottom:5px;\nmargin-right:3px;\nmargin-left:3px;\n}\n<\/style>\n<a href='mailto:info@babysittingupa.com'  class='avia-button av-kt6aj60x-1e844d611b4d71e460f50eb8f3e33eaa avia-icon_select-yes-left-icon avia-size-small avia-color-theme-color'  ><span class='avia_button_icon avia_button_icon_left ' aria-hidden='true' data-av_icon='\ue805' data-av_iconfont='entypo-fontello'><\/span><span class='avia_iconbox_title' >Email<\/span><\/a>\n\n<style type=\"text\/css\" data-created_by=\"avia_inline_auto\" id=\"style-css-av-ku2mina5-ec1196b68f5940cc25934e4535dcb436\">\n#top #wrap_all .avia-button.av-ku2mina5-ec1196b68f5940cc25934e4535dcb436{\nmargin-bottom:5px;\nmargin-right:3px;\nmargin-left:3px;\n}\n<\/style>\n<a href='https:\/\/babysittingupa.com\/es\/one-time\/'  class='avia-button av-ku2mina5-ec1196b68f5940cc25934e4535dcb436 avia-icon_select-no avia-size-small avia-color-theme-color'  ><span class='avia_iconbox_title' >Mas detalles<\/span><\/a>\n<\/div><\/p><\/div><div  class='flex_column av-yt9i-e4d652654ce5309ed8a94bc666322eb4 av_two_fifth  avia-builder-el-8  el_after_av_three_fifth  el_before_av_hr  flex_column_div  '     ><section  class='av_textblock_section av-kszanqhh-d82d50c09bee8f486d4cc20ab9661000 '   itemscope=\"itemscope\" itemtype=\"https:\/\/schema.org\/CreativeWork\" ><div class='avia_textblock'  itemprop=\"text\" ><p><strong>Las reservas individuales son ideales para:<\/strong><\/p>\n<ul>\n<li>Familias nuevas<\/li>\n<li>Cuidados de apoyo<\/li>\n<li>Turistas con reuniones de negocios o salidas recreativas para adultos<\/li>\n<li>Hu\u00e9spedes de la casa con m\u00e1s ni\u00f1os<\/li>\n<\/ul>\n<\/div><\/section><\/div>\n<style type=\"text\/css\" data-created_by=\"avia_inline_auto\" id=\"style-css-av-kszasg5c-88215d08e20a3d0e32a55aa739b6141c\">\n#top .hr.av-kszasg5c-88215d08e20a3d0e32a55aa739b6141c{\nmargin-top:30px;\nmargin-bottom:30px;\n}\n.hr.av-kszasg5c-88215d08e20a3d0e32a55aa739b6141c .hr-inner{\nwidth:50px;\nmax-width:45%;\n}\n.hr.av-kszasg5c-88215d08e20a3d0e32a55aa739b6141c .av-seperator-icon{\ncolor:#f36ba4;\n}\n<\/style>\n<div  class='hr av-kszasg5c-88215d08e20a3d0e32a55aa739b6141c hr-custom  avia-builder-el-10  el_after_av_two_fifth  el_before_av_three_fifth  hr-center hr-icon-yes'><span class='hr-inner inner-border-av-border-thin'><span class=\"hr-inner-style\"><\/span><\/span><span class='av-seperator-icon' aria-hidden='true' data-av_icon='\uf104' data-av_iconfont='flaticon'><\/span><span class='hr-inner inner-border-av-border-thin'><span class=\"hr-inner-style\"><\/span><\/span><\/div>\n<div  class='flex_column av-158ib2-3cd9343ed0e3426a15b5f74cd42f9fc7 av_three_fifth  avia-builder-el-11  el_after_av_hr  el_before_av_two_fifth  first flex_column_div  '     ><section  class='av_textblock_section av-yx54e-d57fa092898cd2d2dda021770e184c54 '   itemscope=\"itemscope\" itemtype=\"https:\/\/schema.org\/CreativeWork\" ><div class='avia_textblock'  itemprop=\"text\" ><h3>Ahooooora!!<\/h3>\n<p class=\"\">Ideal para familias que necesitan cuidados en 24 horas.<br \/>\nTrabajamos las veinticuatro horas del d\u00eda para ofrecer un servicio de emergencia para momentos imprevistos.<\/p>\n<\/div><\/section><br \/>\n<div  class='avia-buttonrow-wrap av-2jx5t2-8b09ac5c0d52ea76451da992d6819860 avia-buttonrow-center  avia-builder-el-13  el_after_av_textblock  avia-builder-el-last '>\n\n<style type=\"text\/css\" data-created_by=\"avia_inline_auto\" id=\"style-css-av-2gtenq-8a0dc0a2854d940d1698a97122a758a2\">\n#top #wrap_all .avia-button.av-2gtenq-8a0dc0a2854d940d1698a97122a758a2{\nmargin-bottom:5px;\nmargin-right:3px;\nmargin-left:3px;\n}\n<\/style>\n<a href='https:\/\/api.whatsapp.com\/send?phone=517864442125'  class='avia-button av-2gtenq-8a0dc0a2854d940d1698a97122a758a2 avia-icon_select-yes-left-icon avia-size-small avia-color-theme-color'  ><span class='avia_button_icon avia_button_icon_left ' aria-hidden='true' data-av_icon='\uf232' data-av_iconfont='entypo-fontello'><\/span><span class='avia_iconbox_title' >Whatsapp<\/span><\/a>\n\n<style type=\"text\/css\" data-created_by=\"avia_inline_auto\" id=\"style-css-av-27ct32-3d63b1112ee480df5e4a09566c7a3b25\">\n#top #wrap_all .avia-button.av-27ct32-3d63b1112ee480df5e4a09566c7a3b25{\nmargin-bottom:5px;\nmargin-right:3px;\nmargin-left:3px;\n}\n<\/style>\n<a href='mailto:info@babysittingupa.com'  class='avia-button av-27ct32-3d63b1112ee480df5e4a09566c7a3b25 avia-icon_select-yes-left-icon avia-size-small avia-color-theme-color'  ><span class='avia_button_icon avia_button_icon_left ' aria-hidden='true' data-av_icon='\ue805' data-av_iconfont='entypo-fontello'><\/span><span class='avia_iconbox_title' >Email<\/span><\/a>\n\n<style type=\"text\/css\" data-created_by=\"avia_inline_auto\" id=\"style-css-av-ku2mj1v9-43b08beb7e0f61e1ca2da9a308b3c638\">\n#top #wrap_all .avia-button.av-ku2mj1v9-43b08beb7e0f61e1ca2da9a308b3c638{\nmargin-bottom:5px;\nmargin-right:3px;\nmargin-left:3px;\n}\n<\/style>\n<a href='https:\/\/babysittingupa.com\/es\/contingencias\/'  class='avia-button av-ku2mj1v9-43b08beb7e0f61e1ca2da9a308b3c638 avia-icon_select-no avia-size-small avia-color-theme-color'  ><span class='avia_iconbox_title' >Mas detalles<\/span><\/a>\n<\/div><\/p><\/div><div  class='flex_column av-nfk8e-5a76ae95387312fdd6e9eb7b4c73e4b2 av_two_fifth  avia-builder-el-14  el_after_av_three_fifth  el_before_av_hr  flex_column_div  '     ><section  class='av_textblock_section av-cpgji-6622063d891c946cbb7c2e0a1ead84fe '   itemscope=\"itemscope\" itemtype=\"https:\/\/schema.org\/CreativeWork\" ><div class='avia_textblock'  itemprop=\"text\" ><p><strong>El cuidado de contingencia es ideal para:<\/strong><\/p>\n<ul>\n<li>Familias que necesitan cuidados imprevistos<\/li>\n<li>Fallos organizativos o ausencias del miembro de la familia que iba a ayudar a la familia en las tareas de cuidado de los ni\u00f1os<\/li>\n<\/ul>\n<\/div><\/section><\/div>\n<style type=\"text\/css\" data-created_by=\"avia_inline_auto\" id=\"style-css-av-1fpngu-dcc867fe696a60fa326530ff4075df82\">\n#top .hr.av-1fpngu-dcc867fe696a60fa326530ff4075df82{\nmargin-top:30px;\nmargin-bottom:30px;\n}\n.hr.av-1fpngu-dcc867fe696a60fa326530ff4075df82 .hr-inner{\nwidth:50px;\nmax-width:45%;\n}\n.hr.av-1fpngu-dcc867fe696a60fa326530ff4075df82 .av-seperator-icon{\ncolor:#f36ba4;\n}\n<\/style>\n<div  class='hr av-1fpngu-dcc867fe696a60fa326530ff4075df82 hr-custom  avia-builder-el-16  el_after_av_two_fifth  el_before_av_three_fifth  hr-center hr-icon-yes'><span class='hr-inner inner-border-av-border-thin'><span class=\"hr-inner-style\"><\/span><\/span><span class='av-seperator-icon' aria-hidden='true' data-av_icon='\uf104' data-av_iconfont='flaticon'><\/span><span class='hr-inner inner-border-av-border-thin'><span class=\"hr-inner-style\"><\/span><\/span><\/div>\n<div  class='flex_column av-178bye-00dc7d839f0b248e88cadcad9758e84f av_three_fifth  avia-builder-el-17  el_after_av_hr  el_before_av_two_fifth  first flex_column_div  '     ><section  class='av_textblock_section av-kt1r24rf-dfbef949cc3f984ec23c3a874242bd27 '   itemscope=\"itemscope\" itemtype=\"https:\/\/schema.org\/CreativeWork\" ><div class='avia_textblock'  itemprop=\"text\" ><h3>Ni\u00f1era a tiempo parcial<\/h3>\n<p class=\"\">Las familias tienen sus propios horarios y calendarios, algunos d\u00edas pueden ser m\u00e1s organizados que otros. Esta opci\u00f3n es ideal para los d\u00edas en que los ni\u00f1os deben quedarse en casa en momentos en que los padres no pueden atenderlos.<\/p>\n<\/div><\/section><br \/>\n<div  class='avia-buttonrow-wrap av-1klyou-a84377933155e7b3f450c3ebb8ebf9db avia-buttonrow-center  avia-builder-el-19  el_after_av_textblock  avia-builder-el-last '>\n\n<style type=\"text\/css\" data-created_by=\"avia_inline_auto\" id=\"style-css-av-1ecfv2-1b04ec3237c14528066e0abf221afdea\">\n#top #wrap_all .avia-button.av-1ecfv2-1b04ec3237c14528066e0abf221afdea{\nmargin-bottom:5px;\nmargin-right:3px;\nmargin-left:3px;\n}\n<\/style>\n<a href='https:\/\/api.whatsapp.com\/send?phone=517864442125'  class='avia-button av-1ecfv2-1b04ec3237c14528066e0abf221afdea avia-icon_select-yes-left-icon avia-size-small avia-color-theme-color'  ><span class='avia_button_icon avia_button_icon_left ' aria-hidden='true' data-av_icon='\uf232' data-av_iconfont='entypo-fontello'><\/span><span class='avia_iconbox_title' >Whatsapp<\/span><\/a>\n\n<style type=\"text\/css\" data-created_by=\"avia_inline_auto\" id=\"style-css-av-16haym-8b08e6f294b7b84502097bb1c2acfad0\">\n#top #wrap_all .avia-button.av-16haym-8b08e6f294b7b84502097bb1c2acfad0{\nmargin-bottom:5px;\nmargin-right:3px;\nmargin-left:3px;\n}\n<\/style>\n<a href='mailto:info@babysittingupa.com'  class='avia-button av-16haym-8b08e6f294b7b84502097bb1c2acfad0 avia-icon_select-yes-left-icon avia-size-small avia-color-theme-color'  ><span class='avia_button_icon avia_button_icon_left ' aria-hidden='true' data-av_icon='\ue805' data-av_iconfont='entypo-fontello'><\/span><span class='avia_iconbox_title' >Email<\/span><\/a>\n\n<style type=\"text\/css\" data-created_by=\"avia_inline_auto\" id=\"style-css-av-ku2mjugr-b7cef7ff5efb9583a045f9ad444c31be\">\n#top #wrap_all .avia-button.av-ku2mjugr-b7cef7ff5efb9583a045f9ad444c31be{\nmargin-bottom:5px;\nmargin-right:3px;\nmargin-left:3px;\n}\n<\/style>\n<a href='https:\/\/babysittingupa.com\/es\/part-time\/'  class='avia-button av-ku2mjugr-b7cef7ff5efb9583a045f9ad444c31be avia-icon_select-no avia-size-small avia-color-theme-color'  ><span class='avia_iconbox_title' >Mas deralles<\/span><\/a>\n<\/div><\/p><\/div><div  class='flex_column av-3d95a-a571db887b91184ce0f44eeb1548e794 av_two_fifth  avia-builder-el-20  el_after_av_three_fifth  el_before_av_hr  flex_column_div  '     ><section  class='av_textblock_section av-kt1r3kqk-31dd37d4c7c1dfd67e69f42dd8d26db0 '   itemscope=\"itemscope\" itemtype=\"https:\/\/schema.org\/CreativeWork\" ><div class='avia_textblock'  itemprop=\"text\" ><p><strong>Es ideal para las familias que:<\/strong><\/p>\n<ul>\n<li>No tienen la misma rutina todos los d\u00edas<\/li>\n<li>Los ni\u00f1os tienen diferentes actividades durante la semana<\/li>\n<li>Quieren la misma ni\u00f1era todas las semanas<\/li>\n<\/ul>\n<\/div><\/section><\/div>\n<style type=\"text\/css\" data-created_by=\"avia_inline_auto\" id=\"style-css-av-9d9dq-d006ddaaf9cbf6a430078e033094a4f7\">\n#top .hr.av-9d9dq-d006ddaaf9cbf6a430078e033094a4f7{\nmargin-top:30px;\nmargin-bottom:30px;\n}\n.hr.av-9d9dq-d006ddaaf9cbf6a430078e033094a4f7 .hr-inner{\nwidth:50px;\nmax-width:45%;\n}\n.hr.av-9d9dq-d006ddaaf9cbf6a430078e033094a4f7 .av-seperator-icon{\ncolor:#f36ba4;\n}\n<\/style>\n<div  class='hr av-9d9dq-d006ddaaf9cbf6a430078e033094a4f7 hr-custom  avia-builder-el-22  el_after_av_two_fifth  el_before_av_three_fifth  hr-center hr-icon-yes'><span class='hr-inner inner-border-av-border-thin'><span class=\"hr-inner-style\"><\/span><\/span><span class='av-seperator-icon' aria-hidden='true' data-av_icon='\uf104' data-av_iconfont='flaticon'><\/span><span class='hr-inner inner-border-av-border-thin'><span class=\"hr-inner-style\"><\/span><\/span><\/div>\n<div  class='flex_column av-qvoli-22965653e54e868de53a0f1ca5e4905d av_three_fifth  avia-builder-el-23  el_after_av_hr  el_before_av_two_fifth  first flex_column_div  '     ><section  class='av_textblock_section av-kt1r57hv-0e3938ef0eede414e2417479f87e062c '   itemscope=\"itemscope\" itemtype=\"https:\/\/schema.org\/CreativeWork\" ><div class='avia_textblock'  itemprop=\"text\" ><h3>Ni\u00f1era a tiempo completo<\/h3>\n<p class=\"\">A\u00f1adir otro miembro a la familia no es f\u00e1cil. Para eso estamos nosotros. Una ni\u00f1era a tiempo completo tendr\u00e1 que pasar muchas entrevistas y filtros para formar parte de su familia.<\/p>\n<\/div><\/section><br \/>\n<div  class='avia-buttonrow-wrap av-12piue-f6055993f0340b3111b61b40c9b0b4b6 avia-buttonrow-center  avia-builder-el-25  el_after_av_textblock  avia-builder-el-last '>\n\n<style type=\"text\/css\" data-created_by=\"avia_inline_auto\" id=\"style-css-av-v0sni-fe394c80faf77900cc6ecb2e6d959d3c\">\n#top #wrap_all .avia-button.av-v0sni-fe394c80faf77900cc6ecb2e6d959d3c{\nmargin-bottom:5px;\nmargin-right:3px;\nmargin-left:3px;\n}\n<\/style>\n<a href='https:\/\/api.whatsapp.com\/send?phone=517864442125'  class='avia-button av-v0sni-fe394c80faf77900cc6ecb2e6d959d3c avia-icon_select-yes-left-icon avia-size-small avia-color-theme-color'  ><span class='avia_button_icon avia_button_icon_left ' aria-hidden='true' data-av_icon='\uf232' data-av_iconfont='entypo-fontello'><\/span><span class='avia_iconbox_title' >Whatsapp<\/span><\/a>\n\n<style type=\"text\/css\" data-created_by=\"avia_inline_auto\" id=\"style-css-av-qdjti-766537fd372de55c673bd3296aeaebe2\">\n#top #wrap_all .avia-button.av-qdjti-766537fd372de55c673bd3296aeaebe2{\nmargin-bottom:5px;\nmargin-right:3px;\nmargin-left:3px;\n}\n<\/style>\n<a href='mailto:info@babysittingupa.com'  class='avia-button av-qdjti-766537fd372de55c673bd3296aeaebe2 avia-icon_select-yes-left-icon avia-size-small avia-color-theme-color'  ><span class='avia_button_icon avia_button_icon_left ' aria-hidden='true' data-av_icon='\ue805' data-av_iconfont='entypo-fontello'><\/span><span class='avia_iconbox_title' >Email<\/span><\/a>\n\n<style type=\"text\/css\" data-created_by=\"avia_inline_auto\" id=\"style-css-av-ku2mk5xn-6e9160cc7326ec46919621e80e5e03d9\">\n#top #wrap_all .avia-button.av-ku2mk5xn-6e9160cc7326ec46919621e80e5e03d9{\nmargin-bottom:5px;\nmargin-right:3px;\nmargin-left:3px;\n}\n<\/style>\n<a href='https:\/\/babysittingupa.com\/es\/full-time\/'  class='avia-button av-ku2mk5xn-6e9160cc7326ec46919621e80e5e03d9 avia-icon_select-no avia-size-small avia-color-theme-color'  ><span class='avia_iconbox_title' >Mas detalles<\/span><\/a>\n<\/div><\/p><\/div><div  class='flex_column av-f255i-057ace97bd21db70a06c2fc831d3f362 av_two_fifth  avia-builder-el-26  el_after_av_three_fifth  el_before_av_hr  flex_column_div  '     ><section  class='av_textblock_section av-kt1r60py-ed673858bae24005d47e8a05cac039d8 '   itemscope=\"itemscope\" itemtype=\"https:\/\/schema.org\/CreativeWork\" ><div class='avia_textblock'  itemprop=\"text\" ><p><strong>Ni\u00f1era a tiempo completo:<\/strong><\/p>\n<ul>\n<li>Elecci\u00f3n de candidatos juntos.<\/li>\n<li>Tarifas semanales y mensuales.<\/li>\n<li>Retiradas establecidas de mutuo acuerdo<\/li>\n<\/ul>\n<\/div><\/section><\/div>\n<style type=\"text\/css\" data-created_by=\"avia_inline_auto\" id=\"style-css-av-6rg2e-925dab63c97b32ffd531464cbd2b0bdb\">\n#top .hr.av-6rg2e-925dab63c97b32ffd531464cbd2b0bdb{\nmargin-top:30px;\nmargin-bottom:30px;\n}\n.hr.av-6rg2e-925dab63c97b32ffd531464cbd2b0bdb .hr-inner{\nwidth:50px;\nmax-width:45%;\n}\n.hr.av-6rg2e-925dab63c97b32ffd531464cbd2b0bdb .av-seperator-icon{\ncolor:#f36ba4;\n}\n<\/style>\n<div  class='hr av-6rg2e-925dab63c97b32ffd531464cbd2b0bdb hr-custom  avia-builder-el-28  el_after_av_two_fifth  el_before_av_one_full  hr-center hr-icon-yes'><span class='hr-inner inner-border-av-border-thin'><span class=\"hr-inner-style\"><\/span><\/span><span class='av-seperator-icon' aria-hidden='true' data-av_icon='\uf104' data-av_iconfont='flaticon'><\/span><span class='hr-inner inner-border-av-border-thin'><span class=\"hr-inner-style\"><\/span><\/span><\/div>\n<div  class='flex_column av-r3ww6-dc09f2df991b8ae89631d05d2eb73637 av_one_full  avia-builder-el-29  el_after_av_hr  el_before_av_one_fifth  first flex_column_div  '     ><section  class='av_textblock_section av-kt39fxao-81a3a5d70c0d5236923bfd3bd352faab '   itemscope=\"itemscope\" itemtype=\"https:\/\/schema.org\/CreativeWork\" ><div class='avia_textblock'  itemprop=\"text\" ><h3>\u00bfTienes una petici\u00f3n especial?<\/h3>\n<p class=\"\">Babysittingupa ofrece una experiencia personalizada para nuestras familias. \u00bfTienes una petici\u00f3n especial? Env\u00edenos un mensaje detallado y nos pondremos en contacto con usted en breve.<\/p>\n<\/div><\/section><\/div><div  class='flex_column av-hq7hi-7db92352ac2cbd3787f063bd4ecf9ade av_one_fifth  avia-builder-el-31  el_after_av_one_full  el_before_av_three_fifth  first flex_column_div  column-top-margin'     ><\/div><div  class='flex_column av-1277w6-9c8255566d1a5d7ef04a7adfd4703a0c av_three_fifth  avia-builder-el-32  el_after_av_one_fifth  el_before_av_one_fifth  flex_column_div  column-top-margin'     ><form action=\"https:\/\/babysittingupa.com\/es\/servicios\/\" method=\"post\" data-fields-with-error=\"Found errors in the following field(s):\" class=\"avia_ajax_form av-form-labels-visible   avia-builder-el-33  avia-builder-el-no-sibling   \" data-avia-form-id=\"1\" data-avia-redirect='' ><fieldset><p class='  first_form  form_element form_fullwidth' id='element_avia_1_1'><label for=\"avia_1_1\">Su Nombre <abbr class=\"required\" title=\"requerido\">*<\/abbr><\/label> <input name=\"avia_1_1\" class=\"text_input is_empty\" type=\"text\" id=\"avia_1_1\" value=\"\" \/><\/p><p class='  first_form  form_element form_fullwidth' id='element_avia_2_1'><label for=\"avia_2_1\">Su Email <abbr class=\"required\" title=\"requerido\">*<\/abbr><\/label> <input name=\"avia_2_1\" class=\"text_input is_email\" type=\"text\" id=\"avia_2_1\" value=\"\" \/><\/p><p class='  first_form  form_element form_fullwidth av-last-visible-form-element' id='element_avia_3_1'><label for=\"avia_3_1\" class=\"textare_label hidden textare_label_avia_3_1\">\u00bfC\u00f3mo puede Babysittingupa ayudar personalmente a su familia? <abbr class=\"required\" title=\"requerido\">*<\/abbr><\/label><textarea  name=\"avia_3_1\" class=\"text_area is_empty\" cols=\"40\" rows=\"7\" id=\"avia_3_1\" ><\/textarea><\/p><p class=\"hidden\"><input type=\"text\" name=\"avia_4_1\" class=\"hidden \" id=\"avia_4_1\" value=\"\" \/><\/p><p class=\"form_element \"><input type=\"hidden\" value=\"1\" name=\"avia_generated_form1\" \/><input type=\"submit\" value=\"Submit\" class=\"button\"  data-sending-label=\"Enviando\"\/><\/p><\/fieldset><\/form><div id=\"ajaxresponse_1\" class=\"ajaxresponse ajaxresponse_1 hidden\"><\/div><\/div><div  class='flex_column av-apdmu-e87a667fe50537c5c91c847aba556234 av_one_fifth  avia-builder-el-34  el_after_av_three_fifth  el_before_av_hr  flex_column_div  column-top-margin'     ><\/div>\n<style type=\"text\/css\" data-created_by=\"avia_inline_auto\" id=\"style-css-av-944oe-2cd0407fd4f88e4ec2f4ff4cf92a0a50\">\n#top .hr.av-944oe-2cd0407fd4f88e4ec2f4ff4cf92a0a50{\nmargin-top:30px;\nmargin-bottom:30px;\n}\n.hr.av-944oe-2cd0407fd4f88e4ec2f4ff4cf92a0a50 .hr-inner{\nwidth:50px;\nmax-width:45%;\n}\n.hr.av-944oe-2cd0407fd4f88e4ec2f4ff4cf92a0a50 .av-seperator-icon{\ncolor:#f36ba4;\n}\n<\/style>\n<div  class='hr av-944oe-2cd0407fd4f88e4ec2f4ff4cf92a0a50 hr-custom  avia-builder-el-35  el_after_av_one_fifth  avia-builder-el-last  hr-center hr-icon-yes'><span class='hr-inner inner-border-av-border-thin'><span class=\"hr-inner-style\"><\/span><\/span><span class='av-seperator-icon' aria-hidden='true' data-av_icon='\uf104' data-av_iconfont='flaticon'><\/span><span class='hr-inner inner-border-av-border-thin'><span class=\"hr-inner-style\"><\/span><\/span><\/div>\n<\/div><\/div><\/div><!-- close content main div --><\/div><\/div>\n<style type=\"text\/css\" data-created_by=\"avia_inline_auto\" id=\"style-css-av-ksz93kan-61aeab98986e0146d033d916580bddd3\">\n.avia-section.av-ksz93kan-61aeab98986e0146d033d916580bddd3{\nbackground-repeat:no-repeat;\nbackground-image:url(https:\/\/babysittingupa.com\/es\/wp-content\/uploads\/2021\/08\/spending-time-with-mommy-in-bed.webp);\nbackground-position:50% 0%;\nbackground-attachment:fixed;\n}\n<\/style>\n<div id='av_section_3'  class='avia-section av-ksz93kan-61aeab98986e0146d033d916580bddd3 main_color avia-section-huge avia-no-border-styling  avia-builder-el-36  el_after_av_section  avia-builder-el-last  avia-full-stretch avia-bg-style-fixed av-minimum-height av-minimum-height-25 av-height-25  container_wrap fullsize'  data-section-bg-repeat='stretch' data-av_minimum_height_pc='25' data-av_min_height_opt='25'><div class='container av-section-cont-open' ><div class='template-page content  av-content-full alpha units'><div class='post-entry post-entry-type-page post-entry-230'><div class='entry-content-wrapper clearfix'><\/p>\n","protected":false},"excerpt":{"rendered":"","protected":false},"author":1,"featured_media":0,"parent":0,"menu_order":0,"comment_status":"closed","ping_status":"closed","template":"","meta":{"footnotes":""},"class_list":["post-230","page","type-page","status-publish","hentry"],"_links":{"self":[{"href":"https:\/\/babysittingupa.com\/es\/wp-json\/wp\/v2\/pages\/230"}],"collection":[{"href":"https:\/\/babysittingupa.com\/es\/wp-json\/wp\/v2\/pages"}],"about":[{"href":"https:\/\/babysittingupa.com\/es\/wp-json\/wp\/v2\/types\/page"}],"author":[{"embeddable":true,"href":"https:\/\/babysittingupa.com\/es\/wp-json\/wp\/v2\/users\/1"}],"replies":[{"embeddable":true,"href":"https:\/\/babysittingupa.com\/es\/wp-json\/wp\/v2\/comments?post=230"}],"version-history":[{"count":0,"href":"https:\/\/babysittingupa.com\/es\/wp-json\/wp\/v2\/pages\/230\/revisions"}],"wp:attachment":[{"href":"https:\/\/babysittingupa.com\/es\/wp-json\/wp\/v2\/media?parent=230"}],"curies":[{"name":"wp","href":"https:\/\/api.w.org\/{rel}","templated":true}]}}