{"id":300,"date":"2021-09-17T08:27:50","date_gmt":"2021-09-17T11:27:50","guid":{"rendered":"https:\/\/terminala.com.ar\/?page_id=286"},"modified":"2022-01-19T01:52:48","modified_gmt":"2022-01-19T06:52:48","slug":"part-time","status":"publish","type":"page","link":"https:\/\/babysittingupa.com\/es\/part-time\/","title":{"rendered":"Part-Time"},"content":{"rendered":"\n<style type=\"text\/css\" data-created_by=\"avia_inline_auto\" id=\"style-css-av-2pn2-26a8d136db2989987b8af0f68efbcb22\">\n.avia-section.av-2pn2-26a8d136db2989987b8af0f68efbcb22{\nbackground-repeat:no-repeat;\nbackground-image:url(https:\/\/babysittingupa.com\/es\/wp-content\/uploads\/2021\/08\/byn-pexels-gustavo-fring-3985032.webp);\nbackground-position:50% 50%;\nbackground-attachment:fixed;\n}\n.avia-section.av-2pn2-26a8d136db2989987b8af0f68efbcb22 .av-section-color-overlay{\nopacity:0.5;\nbackground-color:#000000;\n}\n<\/style>\n<div id='av_section_1'  class='avia-section av-2pn2-26a8d136db2989987b8af0f68efbcb22 main_color avia-section-default avia-no-border-styling  avia-builder-el-0  el_before_av_section  avia-builder-el-first  avia-full-stretch avia-bg-style-fixed av-section-color-overlay-active av-minimum-height av-minimum-height-50 av-height-50  container_wrap fullsize'  data-section-bg-repeat='stretch' data-av_minimum_height_pc='50' data-av_min_height_opt='50'><div class=\"av-section-color-overlay-wrap\"><div class=\"av-section-color-overlay\"><\/div><div class='container av-section-cont-open' ><main  role=\"main\" itemprop=\"mainContentOfPage\"  class='template-page content  av-content-full alpha units'><div class='post-entry post-entry-type-page post-entry-300'><div class='entry-content-wrapper clearfix'>\n\n<style type=\"text\/css\" data-created_by=\"avia_inline_auto\" id=\"style-css-av-2ueg-9d9a69cb2d2c7b21cfffd78eceb3b251\">\n#top .av-special-heading.av-2ueg-9d9a69cb2d2c7b21cfffd78eceb3b251{\npadding-bottom:10px;\ncolor:#ffffff;\nfont-size:60px;\n}\nbody .av-special-heading.av-2ueg-9d9a69cb2d2c7b21cfffd78eceb3b251 .av-special-heading-tag .heading-char{\nfont-size:25px;\n}\n#top #wrap_all .av-special-heading.av-2ueg-9d9a69cb2d2c7b21cfffd78eceb3b251 .av-special-heading-tag{\nfont-size:60px;\n}\n.av-special-heading.av-2ueg-9d9a69cb2d2c7b21cfffd78eceb3b251 .special-heading-inner-border{\nborder-color:#ffffff;\n}\n.av-special-heading.av-2ueg-9d9a69cb2d2c7b21cfffd78eceb3b251 .av-subheading{\nfont-size:15px;\n}\n\n@media only screen and (min-width: 480px) and (max-width: 767px){ \n#top #wrap_all .av-special-heading.av-2ueg-9d9a69cb2d2c7b21cfffd78eceb3b251 .av-special-heading-tag{\nfont-size:0.8em;\n}\n}\n\n@media only screen and (max-width: 479px){ \n#top #wrap_all .av-special-heading.av-2ueg-9d9a69cb2d2c7b21cfffd78eceb3b251 .av-special-heading-tag{\nfont-size:0.8em;\n}\n}\n<\/style>\n<div  class='av-special-heading av-2ueg-9d9a69cb2d2c7b21cfffd78eceb3b251 av-special-heading-h1 custom-color-heading blockquote modern-quote modern-centered  avia-builder-el-1  avia-builder-el-no-sibling  av-inherit-size'><h1 class='av-special-heading-tag'  itemprop=\"headline\"  >Part-Time<\/h1><div class=\"special-heading-border\"><div class=\"special-heading-inner-border\"><\/div><\/div><\/div>\n<\/div><\/div><\/main><!-- close content main element --><\/div><\/div><\/div><div id='av_section_2'  class='avia-section av-8jguj-46b063331a365f9583750221e017f6f8 main_color avia-section-default avia-no-border-styling  avia-builder-el-2  el_after_av_section  avia-builder-el-last  avia-bg-style-scroll container_wrap fullsize'  ><div class='container av-section-cont-open' ><div class='template-page content  av-content-full alpha units'><div class='post-entry post-entry-type-page post-entry-300'><div class='entry-content-wrapper clearfix'>\n\n<style type=\"text\/css\" data-created_by=\"avia_inline_auto\" id=\"style-css-av-ksz9yi3j-6e830a9fc21d49c73c20b9fa43e9ecbd\">\n#top .av-special-heading.av-ksz9yi3j-6e830a9fc21d49c73c20b9fa43e9ecbd{\npadding-bottom:10px;\n}\nbody .av-special-heading.av-ksz9yi3j-6e830a9fc21d49c73c20b9fa43e9ecbd .av-special-heading-tag .heading-char{\nfont-size:25px;\n}\n.av-special-heading.av-ksz9yi3j-6e830a9fc21d49c73c20b9fa43e9ecbd .av-subheading{\nfont-size:15px;\n}\n<\/style>\n<div  class='av-special-heading av-ksz9yi3j-6e830a9fc21d49c73c20b9fa43e9ecbd av-special-heading-h1 blockquote modern-quote modern-centered  avia-builder-el-3  el_before_av_hr  avia-builder-el-first '><h1 class='av-special-heading-tag'  itemprop=\"headline\"  >Cuidado a tiempo parcial con Babysittingupa<\/h1><div class=\"special-heading-border\"><div class=\"special-heading-inner-border\"><\/div><\/div><\/div>\n\n<style type=\"text\/css\" data-created_by=\"avia_inline_auto\" id=\"style-css-av-1awq5q-a69904ab83d420607247e3896d39eeb6\">\n#top .hr.hr-invisible.av-1awq5q-a69904ab83d420607247e3896d39eeb6{\nheight:60px;\n}\n<\/style>\n<div  class='hr av-1awq5q-a69904ab83d420607247e3896d39eeb6 hr-invisible  avia-builder-el-4  el_after_av_heading  el_before_av_textblock '><span class='hr-inner '><span class=\"hr-inner-style\"><\/span><\/span><\/div>\n<section  class='av_textblock_section av-kszank2l-8bb42fca630a2f1a6bf3c63e94b09238 '   itemscope=\"itemscope\" itemtype=\"https:\/\/schema.org\/CreativeWork\" ><div class='avia_textblock'  itemprop=\"text\" ><p>Ni\u00f1era a tiempo parcial<\/p>\n<p>Las familias tienen sus propios horarios y horarios. Algunos d\u00edas pueden estar m\u00e1s organizados que otros. Esta opci\u00f3n es ideal para esos d\u00edas en los que los ni\u00f1os deben quedarse en casa pero los padres no pueden atenderlos.<\/p>\n<p>Las reservas a tiempo parcial son ideales para:<\/p>\n<p>No tener la misma rutina todos los d\u00edas.<\/p>\n<p>Ni\u00f1os que tienen diferentes actividades durante la semana.<\/p>\n<p>Quiero la misma ni\u00f1era todas las semanas<\/p>\n<\/div><\/section>\n\n<style type=\"text\/css\" data-created_by=\"avia_inline_auto\" id=\"style-css-av-um454-65513d61bbe64b48f1d1c155be6d3d5b\">\n#top .hr.hr-invisible.av-um454-65513d61bbe64b48f1d1c155be6d3d5b{\nheight:60px;\n}\n<\/style>\n<div  class='hr av-um454-65513d61bbe64b48f1d1c155be6d3d5b hr-invisible  avia-builder-el-6  el_after_av_textblock  el_before_av_one_fifth '><span class='hr-inner '><span class=\"hr-inner-style\"><\/span><\/span><\/div>\n<div  class='flex_column av-pswsw-8cb6bfce77e6e1dccc5b3b176f2dfdeb av_one_fifth  avia-builder-el-7  el_after_av_hr  el_before_av_three_fifth  first flex_column_div  '     ><\/div><div  class='flex_column av-ml64w-1be001a80bf8b3d9b306f17ff4a570ee av_three_fifth  avia-builder-el-8  el_after_av_one_fifth  el_before_av_one_fifth  flex_column_div  '     ><div  class='avia-button-wrap avia-button-center  avia-builder-el-9  avia-builder-el-no-sibling '>\n<style type=\"text\/css\" data-created_by=\"avia_inline_auto\" id=\"style-css-av-kto97t84-4c4bf4b3d9501df925e459cfb4ceadb1\">\n#top #wrap_all .avia-button.av-kto97t84-4c4bf4b3d9501df925e459cfb4ceadb1:hover{\ncolor:white;\n-webkit-transition:all 0.4s ease-in-out;\n-moz-transition:all 0.4s ease-in-out;\n-ms-transition:all 0.4s ease-in-out;\n-o-transition:all 0.4s ease-in-out;\ntransition:all 0.4s ease-in-out;\n}\n<\/style>\n<a href='https:\/\/babysittingupa.com\/es\/reservar-ahora\/' class='avia-color-theme-color avia-font-color-theme-color avia-button avia-button-fullwidth av-kto97t84-4c4bf4b3d9501df925e459cfb4ceadb1 avia-icon_select-no avia-color-theme-color'  ><span class='avia_iconbox_title' >Reservar ahora<\/span><span class='avia_button_background avia-button avia-button-fullwidth avia-color-theme-color-highlight'><\/span><\/a><\/div><\/div><div  class='flex_column av-dyihs-eaa530a5f09c34627ad833d024e721da av_one_fifth  avia-builder-el-10  el_after_av_three_fifth  el_before_av_hr  flex_column_div  '     ><\/div>\n<style type=\"text\/css\" data-created_by=\"avia_inline_auto\" id=\"style-css-av-9i0ps-56036980fd239c8c02b3bb4185bd0914\">\n#top .hr.hr-invisible.av-9i0ps-56036980fd239c8c02b3bb4185bd0914{\nheight:100px;\n}\n<\/style>\n<div  class='hr av-9i0ps-56036980fd239c8c02b3bb4185bd0914 hr-invisible  avia-builder-el-11  el_after_av_one_fifth  el_before_av_one_half '><span class='hr-inner '><span class=\"hr-inner-style\"><\/span><\/span><\/div>\n<div  class='flex_column av-df78m-5da19369250f1364fa43ff32a2cfddfd av_one_half  avia-builder-el-12  el_after_av_hr  el_before_av_one_half  first flex_column_div  '     ><section  class='av_textblock_section av-an9a8-12474b9522763bff082455081ae03800 '   itemscope=\"itemscope\" itemtype=\"https:\/\/schema.org\/CreativeWork\" ><div class='avia_textblock'  itemprop=\"text\" ><p>Staff de ni\u00f1eras<\/p>\n<p>\u00a1UPA! cuenta con un equipo especial de selecci\u00f3n y contrataci\u00f3n que encuentra a las mejores ni\u00f1eras de EE. UU. Hemos seleccionadoa las candidatas para usted. Todas las ni\u00f1eras deben pasar nuestra evaluaci\u00f3n, que incluye verificaciones completas de antecedentes y referencias. Una vez que elijamos el perfil adecuado para ti, haremos una videollamada con la ni\u00f1era, para que la puedas conocer antes de la primera visita.<\/p>\n<\/div><\/section><\/div><div  class='flex_column av-yt9i-e4d652654ce5309ed8a94bc666322eb4 av_one_half  avia-builder-el-14  el_after_av_one_half  el_before_av_hr  flex_column_div  '     ><div  class='tabcontainer av-kto9c5du-b62051492f7dfa8e643840862339b477 top_tab  avia-builder-el-15  avia-builder-el-no-sibling ' role='tablist'>\n<section class='av_tab_section av_tab_section av-kto9b6s5-b409268d8f9cf0f94d9089a98d68fd7b'  itemscope=\"itemscope\" itemtype=\"https:\/\/schema.org\/CreativeWork\" ><div class='tab active_tab' role='tab' tabindex='0' data-fake-id='#tab-id-1' aria-controls='tab-id-1-content'  itemprop=\"headline\" >1-3 kids<\/div><div id='tab-id-1-content' class='tab_content active_tab_content' aria-hidden=\"false\"><div class='tab_inner_content invers-color'  itemprop=\"text\" ><h3>Tarifa Babysittingupa<\/h3>\n<p><strong>$ 30 \/ hora<\/strong><\/p>\n<div class=\"eapps-pricing-table-column-features-item eapps-pricing-table-column-features-item-with-icon \">\n<ul>\n<li class=\"eapps-pricing-table-column-features-item-inner\">Tarifa horaria fija minimo 4 hs<\/li>\n<li class=\"eapps-pricing-table-column-features-item-inner\">Sin gastos de reserva ni servicio<\/li>\n<li class=\"eapps-pricing-table-column-features-item-inner\">Ni\u00f1era totalmente seleccionada para tu busqueda<\/li>\n<\/ul>\n<\/div>\n<\/div><\/div><\/section>\n<section class='av_tab_section av_tab_section av-kto9bv4x-b57a1ff407ea0f3c34099194d349bdb8'  itemscope=\"itemscope\" itemtype=\"https:\/\/schema.org\/CreativeWork\" ><div class='tab' role='tab' tabindex='0' data-fake-id='#tab-id-2' aria-controls='tab-id-2-content'  itemprop=\"headline\" >4-5 kids<\/div><div id='tab-id-2-content' class='tab_content' aria-hidden=\"true\"><div class='tab_inner_content invers-color'  itemprop=\"text\" ><h3>Tarifa Babysittingupa<\/h3>\n<p><strong>$ 35 \/ hors<\/strong><\/p>\n<div class=\"eapps-pricing-table-column-features-item eapps-pricing-table-column-features-item-with-icon \">\n<ul>\n<li class=\"eapps-pricing-table-column-features-item-inner\">Tarifa horaria fija minimo 4 hs<\/li>\n<li class=\"eapps-pricing-table-column-features-item-inner\">Sin gastos de reserva ni servicio<\/li>\n<li class=\"eapps-pricing-table-column-features-item-inner\">Ni\u00f1era totalmente seleccionada para tu busqueda<\/li>\n<\/ul>\n<\/div>\n<\/div><\/div><\/section>\n<\/div><\/div>\n<style type=\"text\/css\" data-created_by=\"avia_inline_auto\" id=\"style-css-av-kszasg5c-88215d08e20a3d0e32a55aa739b6141c\">\n#top .hr.av-kszasg5c-88215d08e20a3d0e32a55aa739b6141c{\nmargin-top:30px;\nmargin-bottom:30px;\n}\n.hr.av-kszasg5c-88215d08e20a3d0e32a55aa739b6141c .hr-inner{\nwidth:50px;\nmax-width:45%;\n}\n.hr.av-kszasg5c-88215d08e20a3d0e32a55aa739b6141c .av-seperator-icon{\ncolor:#f36ba4;\n}\n<\/style>\n<div  class='hr av-kszasg5c-88215d08e20a3d0e32a55aa739b6141c hr-custom  avia-builder-el-16  el_after_av_one_half  el_before_av_one_fifth  hr-center hr-icon-yes'><span class='hr-inner inner-border-av-border-thin'><span class=\"hr-inner-style\"><\/span><\/span><span class='av-seperator-icon' aria-hidden='true' data-av_icon='\uf104' data-av_iconfont='flaticon'><\/span><span class='hr-inner inner-border-av-border-thin'><span class=\"hr-inner-style\"><\/span><\/span><\/div>\n<div  class='flex_column av-15o42o-67f64b558ab2369565ddc1cc9f55c658 av_one_fifth  avia-builder-el-17  el_after_av_hr  el_before_av_three_fifth  first flex_column_div  '     ><\/div><div  class='flex_column av-3b4so-e176a3a85a5a3e5821670e4699d3248b av_three_fifth  avia-builder-el-18  el_after_av_one_fifth  el_before_av_one_fifth  flex_column_div  '     ><div  class='avia-button-wrap avia-button-center  avia-builder-el-19  avia-builder-el-no-sibling '>\n<style type=\"text\/css\" data-created_by=\"avia_inline_auto\" id=\"style-css-av-smuk0-837f92b0cf5156f21c27dff2473c9d17\">\n#top #wrap_all .avia-button.av-smuk0-837f92b0cf5156f21c27dff2473c9d17:hover{\ncolor:white;\n-webkit-transition:all 0.4s ease-in-out;\n-moz-transition:all 0.4s ease-in-out;\n-ms-transition:all 0.4s ease-in-out;\n-o-transition:all 0.4s ease-in-out;\ntransition:all 0.4s ease-in-out;\n}\n<\/style>\n<a href='https:\/\/babysittingupa.com\/es\/reservar-ahora\/' class='avia-color-theme-color avia-font-color-theme-color avia-button avia-button-fullwidth av-smuk0-837f92b0cf5156f21c27dff2473c9d17 avia-icon_select-no avia-color-theme-color'  ><span class='avia_iconbox_title' >Reservar ahora<\/span><span class='avia_button_background avia-button avia-button-fullwidth avia-color-theme-color-highlight'><\/span><\/a><\/div><\/div><div  class='flex_column av-lbr3s-82455542a113fedff7db3f67004a3bfb av_one_fifth  avia-builder-el-20  el_after_av_three_fifth  el_before_av_hr  flex_column_div  '     ><\/div>\n<style type=\"text\/css\" data-created_by=\"avia_inline_auto\" id=\"style-css-av-9tj12-430eac079f5b46120893a4ed2508b4e9\">\n#top .hr.av-9tj12-430eac079f5b46120893a4ed2508b4e9{\nmargin-top:30px;\nmargin-bottom:30px;\n}\n.hr.av-9tj12-430eac079f5b46120893a4ed2508b4e9 .hr-inner{\nwidth:50px;\nmax-width:45%;\n}\n.hr.av-9tj12-430eac079f5b46120893a4ed2508b4e9 .av-seperator-icon{\ncolor:#f36ba4;\n}\n<\/style>\n<div  class='hr av-9tj12-430eac079f5b46120893a4ed2508b4e9 hr-custom  avia-builder-el-21  el_after_av_one_fifth  avia-builder-el-last  hr-center hr-icon-yes'><span class='hr-inner inner-border-av-border-thin'><span class=\"hr-inner-style\"><\/span><\/span><span class='av-seperator-icon' aria-hidden='true' data-av_icon='\uf104' data-av_iconfont='flaticon'><\/span><span class='hr-inner inner-border-av-border-thin'><span class=\"hr-inner-style\"><\/span><\/span><\/div>\n<\/p>\n","protected":false},"excerpt":{"rendered":"","protected":false},"author":1,"featured_media":0,"parent":0,"menu_order":0,"comment_status":"closed","ping_status":"open","template":"","meta":{"footnotes":""},"class_list":["post-300","page","type-page","status-publish","hentry"],"_links":{"self":[{"href":"https:\/\/babysittingupa.com\/es\/wp-json\/wp\/v2\/pages\/300"}],"collection":[{"href":"https:\/\/babysittingupa.com\/es\/wp-json\/wp\/v2\/pages"}],"about":[{"href":"https:\/\/babysittingupa.com\/es\/wp-json\/wp\/v2\/types\/page"}],"author":[{"embeddable":true,"href":"https:\/\/babysittingupa.com\/es\/wp-json\/wp\/v2\/users\/1"}],"replies":[{"embeddable":true,"href":"https:\/\/babysittingupa.com\/es\/wp-json\/wp\/v2\/comments?post=300"}],"version-history":[{"count":0,"href":"https:\/\/babysittingupa.com\/es\/wp-json\/wp\/v2\/pages\/300\/revisions"}],"wp:attachment":[{"href":"https:\/\/babysittingupa.com\/es\/wp-json\/wp\/v2\/media?parent=300"}],"curies":[{"name":"wp","href":"https:\/\/api.w.org\/{rel}","templated":true}]}}